{"id":888,"date":"2015-01-08T21:29:52","date_gmt":"2015-01-08T21:29:52","guid":{"rendered":"http:\/\/www.lamaisondelacrepe.ca\/?page_id=888"},"modified":"2024-06-11T11:56:28","modified_gmt":"2024-06-11T15:56:28","slug":"the-menu","status":"publish","type":"page","link":"https:\/\/www.lamaisondelacrepe.ca\/en\/the-menu\/","title":{"rendered":"The menu"},"content":{"rendered":"<h2><\/h2>\n<h2>Perfect cr\u00eapes anytime of day, to eat at our place<br \/>\nor in the village<\/h2>\n<p>For breakfast, lunch, brunch, early dinner or a snack, we make cr\u00eapes just like they do in Brittany but even better because<br \/>\nwe serve them with an extra touch of love \u00e0 la Qu\u00e9becois! Plus, we add tons of good local and fresh ingredients, all<br \/>\nhomemade just like our Nutella, peanut butter brittle and fudge.<\/p>\n<p>We wracked our brains to create the most delicious recipes, but you can also create your own customize cr\u00eape and we<br \/>\nwill be happy to make it for you!<\/p>\n<p>We make cr\u00eapes for food lovers, for people with a sweet tooth, for those who eat healthy, for friends, for skiers,<br \/>\nfamilies, children and also just because we love them!<\/p>\n<p>We also serve salads, onion soup, smoothies and side dishes, so you will have a variety of choices while you are with us.<\/p>\n<p>&nbsp;<\/p>\n<div class=\"fleft\" style=\"margin-left: 20px;\">\n<p class=\"cro_buttonp\"><a href=\"https:\/\/www.lamaisondelacrepe.ca\/wp-content\/uploads\/2024\/06\/Menu-Alcool-Vin_MAY024_WEB2.png\"><img loading=\"lazy\" decoding=\"async\" class=\"alignnone size-medium wp-image-1367\" src=\"https:\/\/www.lamaisondelacrepe.ca\/wp-content\/uploads\/2024\/06\/Menu-Alcool-Vin_MAY024_WEB2-79x300.png\" alt=\"\" width=\"79\" height=\"300\" srcset=\"https:\/\/www.lamaisondelacrepe.ca\/wp-content\/uploads\/2024\/06\/Menu-Alcool-Vin_MAY024_WEB2-79x300.png 79w, https:\/\/www.lamaisondelacrepe.ca\/wp-content\/uploads\/2024\/06\/Menu-Alcool-Vin_MAY024_WEB2-271x1024.png 271w\" sizes=\"auto, (max-width: 79px) 100vw, 79px\" \/><\/a> <a href=\"https:\/\/www.lamaisondelacrepe.ca\/wp-content\/uploads\/2024\/06\/Menu-Alcool-Vin_MAY024_WEB1.png\"><img loading=\"lazy\" decoding=\"async\" class=\"alignnone size-medium wp-image-1365\" src=\"https:\/\/www.lamaisondelacrepe.ca\/wp-content\/uploads\/2024\/06\/Menu-Alcool-Vin_MAY024_WEB1-79x300.png\" alt=\"\" width=\"79\" height=\"300\" srcset=\"https:\/\/www.lamaisondelacrepe.ca\/wp-content\/uploads\/2024\/06\/Menu-Alcool-Vin_MAY024_WEB1-79x300.png 79w, https:\/\/www.lamaisondelacrepe.ca\/wp-content\/uploads\/2024\/06\/Menu-Alcool-Vin_MAY024_WEB1-271x1024.png 271w\" sizes=\"auto, (max-width: 79px) 100vw, 79px\" \/><\/a> <a href=\"https:\/\/www.lamaisondelacrepe.ca\/wp-content\/uploads\/2024\/06\/D-10939_menus_Enfant_MAY2024_WEB.png\"><img loading=\"lazy\" decoding=\"async\" class=\"alignnone size-medium wp-image-1363\" src=\"https:\/\/www.lamaisondelacrepe.ca\/wp-content\/uploads\/2024\/06\/D-10939_menus_Enfant_MAY2024_WEB-182x300.png\" alt=\"\" width=\"182\" height=\"300\" srcset=\"https:\/\/www.lamaisondelacrepe.ca\/wp-content\/uploads\/2024\/06\/D-10939_menus_Enfant_MAY2024_WEB-182x300.png 182w, https:\/\/www.lamaisondelacrepe.ca\/wp-content\/uploads\/2024\/06\/D-10939_menus_Enfant_MAY2024_WEB.png 612w\" sizes=\"auto, (max-width: 182px) 100vw, 182px\" \/><\/a> <a href=\"https:\/\/www.lamaisondelacrepe.ca\/wp-content\/uploads\/2024\/06\/D-10939_Menu-Principal_MAY2024_WEB2.png\"><img loading=\"lazy\" decoding=\"async\" class=\"alignnone size-medium wp-image-1361\" src=\"https:\/\/www.lamaisondelacrepe.ca\/wp-content\/uploads\/2024\/06\/D-10939_Menu-Principal_MAY2024_WEB2-150x300.png\" alt=\"\" width=\"150\" height=\"300\" srcset=\"https:\/\/www.lamaisondelacrepe.ca\/wp-content\/uploads\/2024\/06\/D-10939_Menu-Principal_MAY2024_WEB2-150x300.png 150w, https:\/\/www.lamaisondelacrepe.ca\/wp-content\/uploads\/2024\/06\/D-10939_Menu-Principal_MAY2024_WEB2-512x1024.png 512w, https:\/\/www.lamaisondelacrepe.ca\/wp-content\/uploads\/2024\/06\/D-10939_Menu-Principal_MAY2024_WEB2.png 612w\" sizes=\"auto, (max-width: 150px) 100vw, 150px\" \/><\/a> <a href=\"https:\/\/www.lamaisondelacrepe.ca\/wp-content\/uploads\/2024\/06\/D-10939_Menu-Principal_MAY2024_WEB1.png\"><img loading=\"lazy\" decoding=\"async\" class=\"alignnone size-medium wp-image-1359\" src=\"https:\/\/www.lamaisondelacrepe.ca\/wp-content\/uploads\/2024\/06\/D-10939_Menu-Principal_MAY2024_WEB1-150x300.png\" alt=\"\" width=\"150\" height=\"300\" srcset=\"https:\/\/www.lamaisondelacrepe.ca\/wp-content\/uploads\/2024\/06\/D-10939_Menu-Principal_MAY2024_WEB1-150x300.png 150w, https:\/\/www.lamaisondelacrepe.ca\/wp-content\/uploads\/2024\/06\/D-10939_Menu-Principal_MAY2024_WEB1-512x1024.png 512w, https:\/\/www.lamaisondelacrepe.ca\/wp-content\/uploads\/2024\/06\/D-10939_Menu-Principal_MAY2024_WEB1.png 612w\" sizes=\"auto, (max-width: 150px) 100vw, 150px\" \/><\/a><\/p>\n<\/div>\n","protected":false},"excerpt":{"rendered":"<p>Perfect cr\u00eapes anytime of day, to eat at our place or in the village For breakfast, lunch, brunch, early dinner or a snack, we make cr\u00eapes just like they do in Brittany but even better because we serve them with an extra touch of love \u00e0 la Qu\u00e9becois! Plus, we add tons of good local&hellip;<\/p>\n","protected":false},"author":1,"featured_media":923,"parent":0,"menu_order":0,"comment_status":"closed","ping_status":"closed","template":"","meta":{"footnotes":""},"class_list":["post-888","page","type-page","status-publish","has-post-thumbnail","hentry"],"publishpress_future_action":{"enabled":false,"date":"2026-05-17 12:22:38","action":"change-status","newStatus":"draft","terms":[],"taxonomy":"translation_priority","extraData":[]},"publishpress_future_workflow_manual_trigger":{"enabledWorkflows":[]},"_links":{"self":[{"href":"https:\/\/www.lamaisondelacrepe.ca\/en\/wp-json\/wp\/v2\/pages\/888","targetHints":{"allow":["GET"]}}],"collection":[{"href":"https:\/\/www.lamaisondelacrepe.ca\/en\/wp-json\/wp\/v2\/pages"}],"about":[{"href":"https:\/\/www.lamaisondelacrepe.ca\/en\/wp-json\/wp\/v2\/types\/page"}],"author":[{"embeddable":true,"href":"https:\/\/www.lamaisondelacrepe.ca\/en\/wp-json\/wp\/v2\/users\/1"}],"replies":[{"embeddable":true,"href":"https:\/\/www.lamaisondelacrepe.ca\/en\/wp-json\/wp\/v2\/comments?post=888"}],"version-history":[{"count":25,"href":"https:\/\/www.lamaisondelacrepe.ca\/en\/wp-json\/wp\/v2\/pages\/888\/revisions"}],"predecessor-version":[{"id":1369,"href":"https:\/\/www.lamaisondelacrepe.ca\/en\/wp-json\/wp\/v2\/pages\/888\/revisions\/1369"}],"wp:featuredmedia":[{"embeddable":true,"href":"https:\/\/www.lamaisondelacrepe.ca\/en\/wp-json\/wp\/v2\/media\/923"}],"wp:attachment":[{"href":"https:\/\/www.lamaisondelacrepe.ca\/en\/wp-json\/wp\/v2\/media?parent=888"}],"curies":[{"name":"wp","href":"https:\/\/api.w.org\/{rel}","templated":true}]}}