{"id":894,"date":"2015-01-08T21:32:22","date_gmt":"2015-01-08T21:32:22","guid":{"rendered":"http:\/\/www.lamaisondelacrepe.ca\/?page_id=894"},"modified":"2015-01-20T20:30:48","modified_gmt":"2015-01-20T20:30:48","slug":"the-experience","status":"publish","type":"page","link":"https:\/\/www.lamaisondelacrepe.ca\/en\/the-experience\/","title":{"rendered":"The experience"},"content":{"rendered":"<h2>Fresh cr\u00eapes in a real new old house <\/h2>\n<p>Maison de la Cr\u00eape is a big old house, fully revamped, where a team that loves for fresh, quality products<br \/>\nmeets to create mouth-watering cr\u00eapes, filled with irresistible toppings. <\/p>\n<h3> At Maison de la Cr\u00eape, we love\u2026  <\/h3>\n<p>Cr\u00eapes, chocolate, hazelnuts, both mixed together, praline, b\u00e9chamel, old houses like ours, the R\u00e9gine caf\u00e9,<br \/>\ngood cheese, any kind of bacon, real vegetables, old furniture, saut\u00e9ed mushrooms, caramelized onions, rolled,<br \/>\nfolded, decorated cr\u00eapes, but not crammed, Uncle Ren\u00e9, smoked salmon, Brittany and Bretons (real people and<br \/>\nthe ones in Asterix), family, friends, skiing, snow, but lakes too, maple syrup, fudge, local products that<br \/>\ncan be eaten, hot chocolate and cold chocolate too, long-lasting brunches, Bailey\u2019s, Starbucks coffee,<br \/>\nweekends, kids, Fridays, the mountain, tourists (yes, yes), tradition, innovation, old photos, ham and<br \/>\nwhipped cream, but not together. <\/p>\n<p>&nbsp;<\/p>\n","protected":false},"excerpt":{"rendered":"<p>Fresh cr\u00eapes in a real new old house Maison de la Cr\u00eape is a big old house, fully revamped, where a team that loves for fresh, quality products meets to create mouth-watering cr\u00eapes, filled with irresistible toppings. At Maison de la Cr\u00eape, we love\u2026 Cr\u00eapes, chocolate, hazelnuts, both mixed together, praline, b\u00e9chamel, old houses like&hellip;<\/p>\n","protected":false},"author":1,"featured_media":919,"parent":0,"menu_order":0,"comment_status":"open","ping_status":"closed","template":"","meta":{"footnotes":""},"class_list":["post-894","page","type-page","status-publish","has-post-thumbnail","hentry"],"publishpress_future_action":{"enabled":false,"date":"2026-05-17 12:27:36","action":"change-status","newStatus":"draft","terms":[],"taxonomy":"translation_priority","extraData":[]},"publishpress_future_workflow_manual_trigger":{"enabledWorkflows":[]},"_links":{"self":[{"href":"https:\/\/www.lamaisondelacrepe.ca\/en\/wp-json\/wp\/v2\/pages\/894","targetHints":{"allow":["GET"]}}],"collection":[{"href":"https:\/\/www.lamaisondelacrepe.ca\/en\/wp-json\/wp\/v2\/pages"}],"about":[{"href":"https:\/\/www.lamaisondelacrepe.ca\/en\/wp-json\/wp\/v2\/types\/page"}],"author":[{"embeddable":true,"href":"https:\/\/www.lamaisondelacrepe.ca\/en\/wp-json\/wp\/v2\/users\/1"}],"replies":[{"embeddable":true,"href":"https:\/\/www.lamaisondelacrepe.ca\/en\/wp-json\/wp\/v2\/comments?post=894"}],"version-history":[{"count":7,"href":"https:\/\/www.lamaisondelacrepe.ca\/en\/wp-json\/wp\/v2\/pages\/894\/revisions"}],"predecessor-version":[{"id":1034,"href":"https:\/\/www.lamaisondelacrepe.ca\/en\/wp-json\/wp\/v2\/pages\/894\/revisions\/1034"}],"wp:featuredmedia":[{"embeddable":true,"href":"https:\/\/www.lamaisondelacrepe.ca\/en\/wp-json\/wp\/v2\/media\/919"}],"wp:attachment":[{"href":"https:\/\/www.lamaisondelacrepe.ca\/en\/wp-json\/wp\/v2\/media?parent=894"}],"curies":[{"name":"wp","href":"https:\/\/api.w.org\/{rel}","templated":true}]}}